{"id":19140,"date":"2018-12-18T12:22:53","date_gmt":"2018-12-18T12:22:53","guid":{"rendered":"http:\/\/kk.alicante.properties\/?page_id=19140"},"modified":"2018-12-18T12:48:31","modified_gmt":"2018-12-18T12:48:31","slug":"kunde-omtaler","status":"publish","type":"page","link":"https:\/\/kk-propiedad.com\/en\/client-testimonials\/","title":{"rendered":"Client Testimonials"},"content":{"rendered":"<p>[vc_row][vc_column][vc_column_text]<\/p>\n<h2>No one can tell it better than our clients<\/h2>\n<div id=\"ttshowcase_1\"><!-- Custom Styles for Grid Layout of Testimonials Showcase --><style type=\"text\/css\" scoped>#ttshowcase_1 .tt_theme_speech .ttshowcase_rl_quote_sided .ttshowcase_rl_quote, \n\t\t\t         \t#ttshowcase_1 .tt_theme_speech .ttshowcase_rl_quote_block .ttshowcase_rl_quote, \n\t\t\t         \t#ttshowcase_1 .tt_theme_speech .ttshowcase_rl_quote_sided .ttshowcase_rl_quote a, \n\t         \t\t\t#ttshowcase_1 .tt_theme_speech .ttshowcase_rl_quote_block .ttshowcase_rl_quote a\n\t\t\t    \t\t\t{\n\t\t\t\t\t\t\t\tbackground:#f5f5f5;\n\t\t\t\t\t\t\t\tcolor:#333333;\n\t\t\t\t\t\t\t}#ttshowcase_1 .tt_theme_speech .ttshowcase_rl_quote_block .ttshowcase_rl_quote:after,\n\t\t\t\t\t\t\t#ttshowcase_1 .tt_theme_speech .tt_quote_info-below .ttshowcase_rl_quote:after,\n\t\t\t\t\t\t\t#ttshowcase_1 .tt_theme_speech .tt_quote_info-above .ttshowcase_rl_quote:after\n\t\t\t\t\t\t\t {\n\t\t\t\t\t\t\t\tborder-color: #f5f5f5 transparent;\n\t\t\t\t\t\t\t}#ttshowcase_1 .tt_theme_speech .ttshowcase_rl_quote_sided .ttshowcase_rl_quote:after {\n\t\t\t\t\t\t\t\tborder-color: transparent #f5f5f5;\n\t\t\t\t\t\t\t}#ttshowcase_1 .tt_theme_speech .tt_info-left,\n\t\t\t\t\t\t\t#ttshowcase_1 .tt_theme_speech .tt_info-right\n\t\t\t\t\t\t\t {\n\t\t\t\t\t\t\t\twidth: 75px;\n\t\t\t\t\t\t\t}<\/style><div class=\"ttshowcase_wrap tt_theme_speech\"><div class=\"ttshowcase_rl_box tt_1cl tt_text_left \" id=\"tt5908\" ><div class=\"ttshowcase_rl_breed\"><div class=\"tt_quote_info-below ttshowcase_rl_quote_block\" ><div class=\"ttshowcase_rl_quote\"><div class=\"tt_review_title\"><\/div><p>Kari and Kai were fantastic, they supported us throughout the process of purchasing our apartment, they were there for us every step of the way, responded immediately to emails or any concerns we had and always provided unbiased information. They went out of there way on numerous occasions even after our purchase went through. I would thoroughly recommend there excellent,  professional and bespoke approach to what can be a very daunting situation. We would definitely use there services again<br \/>\nAnn & Steve<br \/>\nU.K. Residents<\/p>\n<\/div><\/div><div class=\"ttshowcase_rl_info_wrap tt_info-below\"><div class=\"ttshowcase_rl_aditional_info tt_table_cell_right\"><div class=\"ttshowcase_rl_title reviewer\">Ann &amp; Steve<\/div><div class=\"ttshowcase_rl_subtitle\">Los Dolses , Sol Marino <\/div><div class=\"ttshowcase_rating rating-foreground rating\"><span class=\"value-title\" title=\"5\"> <\/span> <i class=\"fa fa-star\"><\/i><i class=\"fa fa-star\"><\/i><i class=\"fa fa-star\"><\/i><i class=\"fa fa-star\"><\/i><i class=\"fa fa-star\"><\/i> <\/div><\/div><\/div><\/div><\/div><div class=\"ttshowcase_rl_box tt_1cl tt_text_left \" id=\"tt6020\" ><div class=\"ttshowcase_rl_breed\"><div class=\"tt_quote_info-below ttshowcase_rl_quote_block\" ><div class=\"ttshowcase_rl_quote\"><div class=\"tt_review_title\"><\/div><p>25.01.2017<br \/>\nVi har nettopp kj\u00f8pt rekkehus i Perle de Mar og har brukt Casa Propiedad med Kari og Kai som meglere,<br \/>\nKari har v\u00e6rt med oss gjennom hele prosessen og det har v\u00e6rt en sann forn\u00f8yelse \u00e5 jobbe med Kari.  Vi har ikke opplevd problemer av noen slag<br \/>\nog n\u00e5 under en oppussings prosess. stiller hun fremdeles opp med kjempegod service.<br \/>\nVi anbefaler p\u00e5 det sterkeste Casa Propiedad ved kj\u00f8p av eiendom i Spania.<br \/>\nMvh TOVE og TORSTEIN, NORGE<\/p>\n<\/div><\/div><div class=\"ttshowcase_rl_info_wrap tt_info-below\"><div class=\"ttshowcase_rl_aditional_info tt_table_cell_right\"><div class=\"ttshowcase_rl_title reviewer\">Tove og Torstein<\/div><div class=\"ttshowcase_rl_subtitle\">Perla de  mar  Orihuela Costa<\/div><div class=\"ttshowcase_rating rating-foreground rating\"><span class=\"value-title\" title=\"5\"> <\/span> <i class=\"fa fa-star\"><\/i><i class=\"fa fa-star\"><\/i><i class=\"fa fa-star\"><\/i><i class=\"fa fa-star\"><\/i><i class=\"fa fa-star\"><\/i> <\/div><\/div><\/div><\/div><\/div><div class=\"ttshowcase_rl_box tt_1cl tt_text_left \" id=\"tt6449\" ><div class=\"ttshowcase_rl_breed\"><div class=\"tt_quote_info-below ttshowcase_rl_quote_block\" ><div class=\"ttshowcase_rl_quote\"><div class=\"tt_review_title\">Strongly recommended - Very good service<\/div><p>We have bought a house in Los Dolses. Kari Petersen and Kai Kristiansen were recommended as sales representatives for this area by friends. They were very helpful  providing information about houses and their neighborhood, and also advices on local contacts regarding furnitures, redecorating the garden etc.  They are skilled people and very easy to talk to and very  friendly.  We recommend  them highly.  Gunnvor & Jarle \u00d8ijordsbakken.<\/p>\n<\/div><\/div><div class=\"ttshowcase_rl_info_wrap tt_info-below\"><div class=\"ttshowcase_rl_aditional_info tt_table_cell_right\"><div class=\"ttshowcase_rl_title reviewer\">Gunnvor \u00d8ijordsbakken<\/div><div class=\"ttshowcase_rl_subtitle\">Los Dolses<\/div><div class=\"ttshowcase_rating rating-foreground rating\"><span class=\"value-title\" title=\"5\"> <\/span> <i class=\"fa fa-star\"><\/i><i class=\"fa fa-star\"><\/i><i class=\"fa fa-star\"><\/i><i class=\"fa fa-star\"><\/i><i class=\"fa fa-star\"><\/i> <\/div><\/div><\/div><\/div><\/div><div class=\"ttshowcase_rl_box tt_1cl tt_text_left \" id=\"tt7116\" ><div class=\"ttshowcase_rl_breed\"><div class=\"tt_quote_info-below ttshowcase_rl_quote_block\" ><div class=\"ttshowcase_rl_quote\"><div class=\"tt_review_title\"><\/div><p>Det var en god oplevelse at k\u00f8be lejlighed i Sol Marino gennem Kari og Kai.<br \/>\nHurtigt svar p\u00e5 henvendelser og Kari var med gennem hele processen.<br \/>\nDe bedste anbefalinger fra os. <\/p>\n<\/div><\/div><div class=\"ttshowcase_rl_info_wrap tt_info-below\"><div class=\"ttshowcase_rl_aditional_info tt_table_cell_right\"><div class=\"ttshowcase_rl_title reviewer\">Kirsten og Poul Frederiksen<\/div><div class=\"ttshowcase_rl_subtitle\">Sol Marino<\/div><div class=\"ttshowcase_rating rating-foreground rating\"><span class=\"value-title\" title=\"5\"> <\/span> <i class=\"fa fa-star\"><\/i><i class=\"fa fa-star\"><\/i><i class=\"fa fa-star\"><\/i><i class=\"fa fa-star\"><\/i><i class=\"fa fa-star\"><\/i> <\/div><\/div><\/div><\/div><\/div><div class=\"ttshowcase_rl_box tt_1cl tt_text_left \" id=\"tt7651\" ><div class=\"ttshowcase_rl_breed\"><div class=\"tt_quote_info-below ttshowcase_rl_quote_block\" ><div class=\"ttshowcase_rl_quote\"><div class=\"tt_review_title\"><\/div><p>Vi  har kj\u00f8pt hus i Los Dolses gjennom Kari og Kai. De har selv hus I omr\u00e5det og er derfor  lokalkjente. Vi er str\u00e5lende forn\u00f8yde med b\u00e5de hus og Kari og Kai som eiendomsmeglere. Vi ble godt ivaretatt under hele kj\u00f8psprosessen, og kan derfor anbefale sterkt Kari og Kai ved kj\u00f8p av eiendom. <\/p>\n<\/div><\/div><div class=\"ttshowcase_rl_info_wrap tt_info-below\"><div class=\"ttshowcase_rl_aditional_info tt_table_cell_right\"><div class=\"ttshowcase_rl_title reviewer\">Annik og Svein  Solberg<\/div><div class=\"ttshowcase_rl_subtitle\">Los Dolses<\/div><div class=\"ttshowcase_rating rating-foreground rating\"><span class=\"value-title\" title=\"5\"> <\/span> <i class=\"fa fa-star\"><\/i><i class=\"fa fa-star\"><\/i><i class=\"fa fa-star\"><\/i><i class=\"fa fa-star\"><\/i><i class=\"fa fa-star\"><\/i> <\/div><\/div><\/div><\/div><\/div><div class=\"ttshowcase_rl_box tt_1cl tt_text_left \" id=\"tt7652\" ><div class=\"ttshowcase_rl_breed\"><div class=\"tt_quote_info-below ttshowcase_rl_quote_block\" ><div class=\"ttshowcase_rl_quote\"><div class=\"tt_review_title\"><\/div><p>Da jeg skulle selge min leilighet i los Dolses og kj\u00f8pe ny , kontaktet jeg Casa Propiedad med Kari og Kai som meglere. De har v\u00e6rt hyggelige og hjelpsomme gjennom hele pressen og alltid tilgjengelige. Casa Propiedad kan anbefales p\u00e5 det sterkeste. Lars<\/p>\n<\/div><\/div><div class=\"ttshowcase_rl_info_wrap tt_info-below\"><div class=\"ttshowcase_rl_aditional_info tt_table_cell_right\"><div class=\"ttshowcase_rl_title reviewer\">Lars Helgeland<\/div><div class=\"ttshowcase_rl_subtitle\">Los Dolses<\/div><div class=\"ttshowcase_rating rating-foreground rating\"><span class=\"value-title\" title=\"5\"> <\/span> <i class=\"fa fa-star\"><\/i><i class=\"fa fa-star\"><\/i><i class=\"fa fa-star\"><\/i><i class=\"fa fa-star\"><\/i><i class=\"fa fa-star\"><\/i> <\/div><\/div><\/div><\/div><\/div><\/div><\/div><!-- Closing Wrap Div for ttshowcase_1 -->[\/vc_column_text][\/vc_column][\/vc_row]<\/p>","protected":false},"excerpt":{"rendered":"<p>[vc_row][vc_column][vc_column_text] No one can tell it better than our clients [\/vc_column_text][\/vc_column][\/vc_row]<\/p>\n","protected":false},"author":1,"featured_media":0,"parent":0,"menu_order":0,"comment_status":"closed","ping_status":"closed","template":"","meta":{"footnotes":""},"class_list":["post-19140","page","type-page","status-publish","hentry"],"_links":{"self":[{"href":"https:\/\/kk-propiedad.com\/en\/wp-json\/wp\/v2\/pages\/19140","targetHints":{"allow":["GET"]}}],"collection":[{"href":"https:\/\/kk-propiedad.com\/en\/wp-json\/wp\/v2\/pages"}],"about":[{"href":"https:\/\/kk-propiedad.com\/en\/wp-json\/wp\/v2\/types\/page"}],"author":[{"embeddable":true,"href":"https:\/\/kk-propiedad.com\/en\/wp-json\/wp\/v2\/users\/1"}],"replies":[{"embeddable":true,"href":"https:\/\/kk-propiedad.com\/en\/wp-json\/wp\/v2\/comments?post=19140"}],"version-history":[{"count":2,"href":"https:\/\/kk-propiedad.com\/en\/wp-json\/wp\/v2\/pages\/19140\/revisions"}],"predecessor-version":[{"id":19142,"href":"https:\/\/kk-propiedad.com\/en\/wp-json\/wp\/v2\/pages\/19140\/revisions\/19142"}],"wp:attachment":[{"href":"https:\/\/kk-propiedad.com\/en\/wp-json\/wp\/v2\/media?parent=19140"}],"curies":[{"name":"wp","href":"https:\/\/api.w.org\/{rel}","templated":true}]}}